{"id":1627,"date":"2025-10-31T06:30:47","date_gmt":"2025-10-31T06:30:47","guid":{"rendered":"https:\/\/psicopotenciar.org.pe\/?page_id=1627"},"modified":"2025-10-31T06:35:41","modified_gmt":"2025-10-31T06:35:41","slug":"1627-2","status":"publish","type":"page","link":"https:\/\/psicopotenciar.org.pe\/index.php\/1627-2\/","title":{"rendered":""},"content":{"rendered":"\t\t<div data-elementor-type=\"wp-page\" data-elementor-id=\"1627\" class=\"elementor elementor-1627\">\n\t\t\t\t\t\t<section class=\"elementor-section elementor-top-section elementor-element elementor-element-0ffccf6 elementor-section-boxed elementor-section-height-default elementor-section-height-default\" data-id=\"0ffccf6\" data-element_type=\"section\" data-e-type=\"section\">\n\t\t\t\t\t\t<div class=\"elementor-container elementor-column-gap-default\">\n\t\t\t\t\t<div class=\"elementor-column elementor-col-100 elementor-top-column elementor-element elementor-element-9b165a2\" data-id=\"9b165a2\" data-element_type=\"column\" data-e-type=\"column\">\n\t\t\t<div class=\"elementor-widget-wrap elementor-element-populated\">\n\t\t\t\t\t\t<div class=\"elementor-element elementor-element-c8b62e7 elementor-widget elementor-widget-heading\" data-id=\"c8b62e7\" data-element_type=\"widget\" data-e-type=\"widget\" data-widget_type=\"heading.default\">\n\t\t\t\t<div class=\"elementor-widget-container\">\n\t\t\t\t\t<h3 class=\"elementor-heading-title elementor-size-default\">Cont\u00e1ctanos<\/h3>\t\t\t\t<\/div>\n\t\t\t\t<\/div>\n\t\t\t\t\t<\/div>\n\t\t<\/div>\n\t\t\t\t\t<\/div>\n\t\t<\/section>\n\t\t\t\t<section class=\"elementor-section elementor-top-section elementor-element elementor-element-3da04906 elementor-section-boxed elementor-section-height-default elementor-section-height-default\" data-id=\"3da04906\" data-element_type=\"section\" data-e-type=\"section\">\n\t\t\t\t\t\t<div class=\"elementor-container elementor-column-gap-default\">\n\t\t\t\t\t<div class=\"elementor-column elementor-col-100 elementor-top-column elementor-element elementor-element-25dce6b0\" data-id=\"25dce6b0\" data-element_type=\"column\" data-e-type=\"column\">\n\t\t\t<div class=\"elementor-widget-wrap elementor-element-populated\">\n\t\t\t\t\t\t<div class=\"elementor-element elementor-element-3f0e833 elementor-widget elementor-widget-wpforms\" data-id=\"3f0e833\" data-element_type=\"widget\" data-e-type=\"widget\" data-widget_type=\"wpforms.default\">\n\t\t\t\t<div class=\"elementor-widget-container\">\n\t\t\t\t\t<div class=\"wpforms-container wpforms-container-full\" id=\"wpforms-1619\"><form id=\"wpforms-form-1619\" class=\"wpforms-validate wpforms-form wpforms-ajax-form\" data-formid=\"1619\" method=\"post\" enctype=\"multipart\/form-data\" action=\"\/index.php\/wp-json\/wp\/v2\/pages\/1627\" data-token=\"d84c1a5266bc964956a1c6027c26fa40\"><noscript class=\"wpforms-error-noscript\">Please enable JavaScript in your browser to complete this form.<\/noscript><div class=\"wpforms-field-container\"><div id=\"wpforms-1619-field_0-container\" class=\"wpforms-field wpforms-field-name\" data-field-id=\"0\"><label class=\"wpforms-field-label\" for=\"wpforms-1619-field_0\">Nombre y apellido <span class=\"wpforms-required-label\">*<\/span><\/label><input type=\"text\" id=\"wpforms-1619-field_0\" class=\"wpforms-field-medium wpforms-field-required\" name=\"wpforms[fields][0]\" required><\/div><div id=\"wpforms-1619-field_3-container\" class=\"wpforms-field wpforms-field-text\" data-field-id=\"3\"><label class=\"wpforms-field-label\" for=\"wpforms-1619-field_3\">Tel\u00e9fono<\/label><input type=\"text\" id=\"wpforms-1619-field_3\" class=\"wpforms-field-medium\" name=\"wpforms[fields][3]\" ><div class=\"wpforms-field-description\">Coloca tu n\u00famero con el c\u00f3digo de pa\u00eds para poder contactarte por Whastapp<\/div><\/div><div id=\"wpforms-1619-field_1-container\" class=\"wpforms-field wpforms-field-email\" data-field-id=\"1\"><label class=\"wpforms-field-label\" for=\"wpforms-1619-field_1\">Email <span class=\"wpforms-required-label\">*<\/span><\/label><input type=\"email\" id=\"wpforms-1619-field_1\" class=\"wpforms-field-medium wpforms-field-required\" name=\"wpforms[fields][1]\" required><\/div><div id=\"wpforms-1619-field_4-container\" class=\"wpforms-field wpforms-field-select wpforms-field-select-style-classic\" data-field-id=\"4\"><label class=\"wpforms-field-label\" for=\"wpforms-1619-field_4\">Servicio de inter\u00e9s<\/label><select id=\"wpforms-1619-field_4\" class=\"wpforms-field-medium\" name=\"wpforms[fields][4]\"><option value=\"Orientaci\u00f3n y Consejer\u00eda\" >Orientaci\u00f3n y Consejer\u00eda<\/option><option value=\"Evaluaci\u00f3n Psicol\u00f3gica\" >Evaluaci\u00f3n Psicol\u00f3gica<\/option><option value=\"Consulta Psicol\u00f3gica\" >Consulta Psicol\u00f3gica<\/option><option value=\"Terapia Psicol\u00f3gica\" >Terapia Psicol\u00f3gica<\/option><option value=\"Orientaci\u00f3n Vocacional\" >Orientaci\u00f3n Vocacional<\/option><option value=\"Talleres\" >Talleres<\/option><\/select><\/div><div id=\"wpforms-1619-field_2-container\" class=\"wpforms-field wpforms-field-textarea\" data-field-id=\"2\"><label class=\"wpforms-field-label\" for=\"wpforms-1619-field_2\">Cu\u00e9ntanos un poco lo que necesitas <span class=\"wpforms-required-label\">*<\/span><\/label><textarea id=\"wpforms-1619-field_2\" class=\"wpforms-field-medium wpforms-field-required\" name=\"wpforms[fields][2]\" required><\/textarea><\/div><\/div><div class=\"wpforms-submit-container\"><input type=\"hidden\" name=\"wpforms[id]\" value=\"1619\"><input type=\"hidden\" name=\"wpforms[author]\" value=\"1\"><button type=\"submit\" name=\"wpforms[submit]\" id=\"wpforms-submit-1619\" class=\"wpforms-submit\" data-alt-text=\"Enviando....\" data-submit-text=\"Quiero que me contacten\" aria-live=\"assertive\" value=\"wpforms-submit\">Quiero que me contacten<\/button><img decoding=\"async\" src=\"https:\/\/psicopotenciar.org.pe\/wp-content\/plugins\/wpforms-lite\/assets\/images\/submit-spin.svg\" class=\"wpforms-submit-spinner\" style=\"display: none;\" width=\"26\" height=\"26\" alt=\"\"><\/div><\/form><\/div>  <!-- .wpforms-container -->\t\t\t\t<\/div>\n\t\t\t\t<\/div>\n\t\t\t\t\t<\/div>\n\t\t<\/div>\n\t\t\t\t\t<\/div>\n\t\t<\/section>\n\t\t\t\t<\/div>\n\t\t","protected":false},"excerpt":{"rendered":"<p>Cont\u00e1ctanos<\/p>\n","protected":false},"author":1,"featured_media":0,"parent":0,"menu_order":0,"comment_status":"closed","ping_status":"closed","template":"","meta":{"om_disable_all_campaigns":false,"_kad_post_transparent":"","_kad_post_title":"","_kad_post_layout":"","_kad_post_sidebar_id":"","_kad_post_content_style":"","_kad_post_vertical_padding":"","_kad_post_feature":"","_kad_post_feature_position":"","_kad_post_header":false,"_kad_post_footer":false,"footnotes":""},"class_list":["post-1627","page","type-page","status-publish","hentry"],"aioseo_notices":[],"_hostinger_reach_plugin_has_subscription_block":false,"_hostinger_reach_plugin_is_elementor":false,"_links":{"self":[{"href":"https:\/\/psicopotenciar.org.pe\/index.php\/wp-json\/wp\/v2\/pages\/1627","targetHints":{"allow":["GET"]}}],"collection":[{"href":"https:\/\/psicopotenciar.org.pe\/index.php\/wp-json\/wp\/v2\/pages"}],"about":[{"href":"https:\/\/psicopotenciar.org.pe\/index.php\/wp-json\/wp\/v2\/types\/page"}],"author":[{"embeddable":true,"href":"https:\/\/psicopotenciar.org.pe\/index.php\/wp-json\/wp\/v2\/users\/1"}],"replies":[{"embeddable":true,"href":"https:\/\/psicopotenciar.org.pe\/index.php\/wp-json\/wp\/v2\/comments?post=1627"}],"version-history":[{"count":3,"href":"https:\/\/psicopotenciar.org.pe\/index.php\/wp-json\/wp\/v2\/pages\/1627\/revisions"}],"predecessor-version":[{"id":1631,"href":"https:\/\/psicopotenciar.org.pe\/index.php\/wp-json\/wp\/v2\/pages\/1627\/revisions\/1631"}],"wp:attachment":[{"href":"https:\/\/psicopotenciar.org.pe\/index.php\/wp-json\/wp\/v2\/media?parent=1627"}],"curies":[{"name":"wp","href":"https:\/\/api.w.org\/{rel}","templated":true}]}}